{"id":85,"date":"2024-05-22T19:32:50","date_gmt":"2024-05-22T19:32:50","guid":{"rendered":"http:\/\/100.27.200.45\/?page_id=85"},"modified":"2024-05-22T19:38:54","modified_gmt":"2024-05-22T19:38:54","slug":"proyectos-destacados-fundacion","status":"publish","type":"page","link":"https:\/\/fundacionefectoeducativo.org\/index.php\/proyectos-destacados-fundacion\/","title":{"rendered":"Proyectos destacados Fundacion"},"content":{"rendered":"\t\t<div data-elementor-type=\"wp-page\" data-elementor-id=\"85\" class=\"elementor elementor-85\">\n\t\t\t\t<div class=\"elementor-element elementor-element-3b878d2 e-flex e-con-boxed wpr-particle-no wpr-jarallax-no wpr-parallax-no wpr-sticky-section-no e-con e-parent\" data-id=\"3b878d2\" data-element_type=\"container\" data-settings=\"{&quot;background_background&quot;:&quot;classic&quot;}\">\n\t\t\t\t\t<div class=\"e-con-inner\">\n\t\t\t\t\t<\/div>\n\t\t\t\t<\/div>\n\t\t<div class=\"elementor-element elementor-element-e4c3e49 e-flex e-con-boxed wpr-particle-no wpr-jarallax-no wpr-parallax-no wpr-sticky-section-no e-con e-parent\" data-id=\"e4c3e49\" data-element_type=\"container\">\n\t\t\t\t\t<div class=\"e-con-inner\">\n\t\t\t\t\t<\/div>\n\t\t\t\t<\/div>\n\t\t<div class=\"elementor-element elementor-element-8cb0560 e-flex e-con-boxed wpr-particle-no wpr-jarallax-no wpr-parallax-no wpr-sticky-section-no e-con e-parent\" data-id=\"8cb0560\" data-element_type=\"container\">\n\t\t\t\t\t<div class=\"e-con-inner\">\n\t\t\t\t<div class=\"elementor-element elementor-element-b78a8ec exad-sticky-section-no exad-glass-effect-no elementor-widget elementor-widget-heading\" data-id=\"b78a8ec\" data-element_type=\"widget\" data-widget_type=\"heading.default\">\n\t\t\t\t<div class=\"elementor-widget-container\">\n\t\t\t\t\t<h2 class=\"elementor-heading-title elementor-size-default\">La Emoci\u00f3n de Aprender: Aprender de y sobre las emociones, un proyecto implementado en las 7 regiones educativas de Puerto Rico<\/h2>\t\t\t\t<\/div>\n\t\t\t\t<\/div>\n\t\t\t\t\t<\/div>\n\t\t\t\t<\/div>\n\t\t<div class=\"elementor-element elementor-element-1d958ba e-flex e-con-boxed wpr-particle-no wpr-jarallax-no wpr-parallax-no wpr-sticky-section-no e-con e-parent\" data-id=\"1d958ba\" data-element_type=\"container\">\n\t\t\t\t\t<div class=\"e-con-inner\">\n\t\t<div class=\"elementor-element elementor-element-a970ac0 e-con-full e-flex wpr-particle-no wpr-jarallax-no wpr-parallax-no wpr-sticky-section-no e-con e-child\" data-id=\"a970ac0\" data-element_type=\"container\">\n\t\t\t\t<div class=\"elementor-element elementor-element-e7e0588 exad-sticky-section-no exad-glass-effect-no elementor-widget elementor-widget-image\" data-id=\"e7e0588\" data-element_type=\"widget\" data-widget_type=\"image.default\">\n\t\t\t\t<div class=\"elementor-widget-container\">\n\t\t\t\t\t\t\t\t\t\t\t\t\t\t\t<img fetchpriority=\"high\" decoding=\"async\" width=\"1024\" height=\"683\" src=\"https:\/\/fundacionefectoeducativo.org\/wp-content\/uploads\/2024\/05\/Fundacion14.jpg\" class=\"attachment-large size-large wp-image-88\" alt=\"\" srcset=\"https:\/\/fundacionefectoeducativo.org\/wp-content\/uploads\/2024\/05\/Fundacion14.jpg 1024w, https:\/\/fundacionefectoeducativo.org\/wp-content\/uploads\/2024\/05\/Fundacion14-300x200.jpg 300w, https:\/\/fundacionefectoeducativo.org\/wp-content\/uploads\/2024\/05\/Fundacion14-768x512.jpg 768w\" sizes=\"(max-width: 1024px) 100vw, 1024px\" \/>\t\t\t\t\t\t\t\t\t\t\t\t\t\t\t<\/div>\n\t\t\t\t<\/div>\n\t\t\t\t<\/div>\n\t\t<div class=\"elementor-element elementor-element-9dfbb3e e-con-full e-flex wpr-particle-no wpr-jarallax-no wpr-parallax-no wpr-sticky-section-no e-con e-child\" data-id=\"9dfbb3e\" data-element_type=\"container\">\n\t\t\t\t<div class=\"elementor-element elementor-element-6121a45 exad-sticky-section-no exad-glass-effect-no elementor-widget elementor-widget-text-editor\" data-id=\"6121a45\" data-element_type=\"widget\" data-widget_type=\"text-editor.default\">\n\t\t\t\t<div class=\"elementor-widget-container\">\n\t\t\t\t\t\t\t\t\t<p>El proyecto, titulado &#8220;La Emoci\u00f3n de Aprender&#8221;, fue implementado en siete escuelas elementales por la Fundaci\u00f3n Efecto Educativo y Case Solutions en colaboraci\u00f3n con el Departamento de Educaci\u00f3n de Puerto Rico.<\/p><p>Su principal objetivo fue impactar en el fortalecimiento de competencias emocionales y sociales del estudiantado, mejorando la disposici\u00f3n al aprendizaje, al clima de aula, y la convivencia escolar. Para esto se les brind\u00f3 a las escuelas herramientas y recursos dise\u00f1ados con este prop\u00f3sito. El proyecto piloto se llev\u00f3 a cabo entre agosto de 2022 y febrero de 2023, impactando positivamente a por lo menos 130 estudiantes y 20 profesionales, incluyendo trabajadores sociales, psic\u00f3logos y maestros de las siete regiones educativas.<\/p>\t\t\t\t\t\t\t\t<\/div>\n\t\t\t\t<\/div>\n\t\t\t\t<\/div>\n\t\t\t\t\t<\/div>\n\t\t\t\t<\/div>\n\t\t<div class=\"elementor-element elementor-element-e39ca20 e-flex e-con-boxed wpr-particle-no wpr-jarallax-no wpr-parallax-no wpr-sticky-section-no e-con e-parent\" data-id=\"e39ca20\" data-element_type=\"container\">\n\t\t\t\t\t<div class=\"e-con-inner\">\n\t\t\t\t<div class=\"elementor-element elementor-element-56bf770 exad-sticky-section-no exad-glass-effect-no elementor-widget elementor-widget-text-editor\" data-id=\"56bf770\" data-element_type=\"widget\" data-widget_type=\"text-editor.default\">\n\t\t\t\t<div class=\"elementor-widget-container\">\n\t\t\t\t\t\t\t\t\t<p>\u00a0<\/p><p>Con el fin de abordar los objetivos establecidos, se llev\u00f3 a cabo una estrategia metodol\u00f3gica mixta que combin\u00f3 enfoques cuantitativos y cualitativos. Esta metodolog\u00eda permiti\u00f3 obtener una visi\u00f3n general sobre la implementaci\u00f3n y puesta en marcha del proyecto piloto, as\u00ed como un an\u00e1lisis detallado de las fortalezas y oportunidades de mejora percibidas por los docentes y estudiantes participantes.<\/p><p><br \/>Para garantizar el \u00e9xito del proyecto, se brind\u00f3 apoyo y acompa\u00f1amiento constante por parte del equipo de la Fundaci\u00f3n Efecto Educativo y Case Solutions a los trabajadores sociales y equipo encargados de su implementaci\u00f3n. Esto implic\u00f3 la realizaci\u00f3n de jornadas grupales de trabajo, as\u00ed como la difusi\u00f3n de la metodolog\u00eda e instrumentos propuestos.<\/p>\t\t\t\t\t\t\t\t<\/div>\n\t\t\t\t<\/div>\n\t\t\t\t\t<\/div>\n\t\t\t\t<\/div>\n\t\t<div class=\"elementor-element elementor-element-2ac1981 e-flex e-con-boxed wpr-particle-no wpr-jarallax-no wpr-parallax-no wpr-sticky-section-no e-con e-parent\" data-id=\"2ac1981\" data-element_type=\"container\">\n\t\t\t\t\t<div class=\"e-con-inner\">\n\t\t\t\t\t<\/div>\n\t\t\t\t<\/div>\n\t\t\t\t<\/div>\n\t\t","protected":false},"excerpt":{"rendered":"<p>La Emoci\u00f3n de Aprender: Aprender de y sobre las emociones, un proyecto implementado en las 7 regiones educativas de Puerto Rico El proyecto, titulado &#8220;La Emoci\u00f3n de Aprender&#8221;, fue implementado en siete escuelas elementales por la Fundaci\u00f3n Efecto Educativo y Case Solutions en colaboraci\u00f3n con el Departamento de Educaci\u00f3n de Puerto Rico. Su principal objetivo fue impactar en el fortalecimiento de competencias emocionales y sociales del estudiantado, mejorando la disposici\u00f3n al aprendizaje, al clima de aula, y la convivencia escolar. Para esto se les brind\u00f3 a las escuelas herramientas y recursos dise\u00f1ados con este prop\u00f3sito. El proyecto piloto se llev\u00f3 a cabo entre agosto de 2022 y febrero de 2023, impactando positivamente a por lo menos 130 estudiantes y 20 profesionales, incluyendo trabajadores sociales, psic\u00f3logos y maestros de las siete regiones educativas. \u00a0 Con el fin de abordar los objetivos establecidos, se llev\u00f3 a cabo una estrategia metodol\u00f3gica mixta que combin\u00f3 enfoques cuantitativos y cualitativos. Esta metodolog\u00eda permiti\u00f3 obtener una visi\u00f3n general sobre la implementaci\u00f3n y puesta en marcha del proyecto piloto, as\u00ed como un an\u00e1lisis detallado de las fortalezas y oportunidades de mejora percibidas por los docentes y estudiantes participantes. Para garantizar el \u00e9xito del proyecto, se brind\u00f3 apoyo y acompa\u00f1amiento constante por parte del equipo de la Fundaci\u00f3n Efecto Educativo y Case Solutions a los trabajadores sociales y equipo encargados de su implementaci\u00f3n. Esto implic\u00f3 la realizaci\u00f3n de jornadas grupales de trabajo, as\u00ed como la difusi\u00f3n de la metodolog\u00eda e instrumentos propuestos.<\/p>\n","protected":false},"author":1,"featured_media":0,"parent":0,"menu_order":0,"comment_status":"closed","ping_status":"closed","template":"","meta":{"site-sidebar-layout":"no-sidebar","site-content-layout":"","ast-site-content-layout":"full-width-container","site-content-style":"default","site-sidebar-style":"default","ast-global-header-display":"","ast-banner-title-visibility":"","ast-main-header-display":"","ast-hfb-above-header-display":"","ast-hfb-below-header-display":"","ast-hfb-mobile-header-display":"","site-post-title":"disabled","ast-breadcrumbs-content":"","ast-featured-img":"disabled","footer-sml-layout":"","theme-transparent-header-meta":"","adv-header-id-meta":"","stick-header-meta":"","header-above-stick-meta":"","header-main-stick-meta":"","header-below-stick-meta":"","astra-migrate-meta-layouts":"default","ast-page-background-enabled":"default","ast-page-background-meta":{"desktop":{"background-color":"var(--ast-global-color-4)","background-image":"","background-repeat":"repeat","background-position":"center center","background-size":"auto","background-attachment":"scroll","background-type":"","background-media":"","overlay-type":"","overlay-color":"","overlay-opacity":"","overlay-gradient":""},"tablet":{"background-color":"","background-image":"","background-repeat":"repeat","background-position":"center center","background-size":"auto","background-attachment":"scroll","background-type":"","background-media":"","overlay-type":"","overlay-color":"","overlay-opacity":"","overlay-gradient":""},"mobile":{"background-color":"","background-image":"","background-repeat":"repeat","background-position":"center center","background-size":"auto","background-attachment":"scroll","background-type":"","background-media":"","overlay-type":"","overlay-color":"","overlay-opacity":"","overlay-gradient":""}},"ast-content-background-meta":{"desktop":{"background-color":"var(--ast-global-color-5)","background-image":"","background-repeat":"repeat","background-position":"center center","background-size":"auto","background-attachment":"scroll","background-type":"","background-media":"","overlay-type":"","overlay-color":"","overlay-opacity":"","overlay-gradient":""},"tablet":{"background-color":"var(--ast-global-color-5)","background-image":"","background-repeat":"repeat","background-position":"center center","background-size":"auto","background-attachment":"scroll","background-type":"","background-media":"","overlay-type":"","overlay-color":"","overlay-opacity":"","overlay-gradient":""},"mobile":{"background-color":"var(--ast-global-color-5)","background-image":"","background-repeat":"repeat","background-position":"center center","background-size":"auto","background-attachment":"scroll","background-type":"","background-media":"","overlay-type":"","overlay-color":"","overlay-opacity":"","overlay-gradient":""}},"footnotes":""},"class_list":["post-85","page","type-page","status-publish","hentry"],"_links":{"self":[{"href":"https:\/\/fundacionefectoeducativo.org\/index.php\/wp-json\/wp\/v2\/pages\/85","targetHints":{"allow":["GET"]}}],"collection":[{"href":"https:\/\/fundacionefectoeducativo.org\/index.php\/wp-json\/wp\/v2\/pages"}],"about":[{"href":"https:\/\/fundacionefectoeducativo.org\/index.php\/wp-json\/wp\/v2\/types\/page"}],"author":[{"embeddable":true,"href":"https:\/\/fundacionefectoeducativo.org\/index.php\/wp-json\/wp\/v2\/users\/1"}],"replies":[{"embeddable":true,"href":"https:\/\/fundacionefectoeducativo.org\/index.php\/wp-json\/wp\/v2\/comments?post=85"}],"version-history":[{"count":4,"href":"https:\/\/fundacionefectoeducativo.org\/index.php\/wp-json\/wp\/v2\/pages\/85\/revisions"}],"predecessor-version":[{"id":91,"href":"https:\/\/fundacionefectoeducativo.org\/index.php\/wp-json\/wp\/v2\/pages\/85\/revisions\/91"}],"wp:attachment":[{"href":"https:\/\/fundacionefectoeducativo.org\/index.php\/wp-json\/wp\/v2\/media?parent=85"}],"curies":[{"name":"wp","href":"https:\/\/api.w.org\/{rel}","templated":true}]}}